{"id":499,"date":"2025-02-09T22:09:16","date_gmt":"2025-02-09T21:09:16","guid":{"rendered":"https:\/\/tentaciondelibros.com\/?post_type=product&#038;p=499"},"modified":"2025-06-04T12:38:02","modified_gmt":"2025-06-04T11:38:02","slug":"pack-de-bilogia-desafiame-si-puedes","status":"publish","type":"product","link":"https:\/\/tentaciondelibros.com\/index.php\/product\/pack-de-bilogia-desafiame-si-puedes\/","title":{"rendered":"Pack de Bilog\u00eda \u00a1Desaf\u00edame si puedes!"},"content":{"rendered":"","protected":false},"excerpt":{"rendered":"<p>Contiene los 2 libros de la Bilog\u00eda: \u00a1Desaf\u00edame si puedes! y \u00a1Perd\u00f3name si Puedes!<\/p>\n<p>Sinopsis \u00a1Desaf\u00edame si puedes!<\/p>\n<p>Lara Miller deseando dar un giro a su pat\u00e9tica vida, decide mudarse a la ciudad donde todo es posible, Nueva York.<\/p>\n<p>Alejandro Rossman, un empresario multimillonario, arrogante y sexy, piensa que puede controlar el mundo entero hasta que conoce a la persona que le llevar\u00e1 a replante\u00e1rselo todo.<\/p>\n<p>Ninguno de los dos podr\u00e1 evitar la atracci\u00f3n que sienten el uno por el otro, dej\u00e1ndose llevar hasta perder el control por completo.<\/p>\n<p>\u00bfDejar\u00e1n a un lado lo que piensan y se rendir\u00e1n a sus sentimientos?\u00bfPodr\u00e1 Alenjandro Rossman pasar por alto todo en lo que cree por confiar en Lara?<\/p>\n<p>\u00c9l tiene sus reglas.<\/p>\n<p>Ella, las suyas.<\/p>\n<p>Autor: Eva Alcaide<\/p>\n<p>Dimensiones: 16x22x2cm<\/p>\n<p>P\u00e1ginas:306<\/p>\n<p>&nbsp;<\/p>\n<p>Sinopsis \u00a1Perd\u00f3name si puedes!<\/p>\n<p>Alejandro m\u00e1s herido y calculador que nunca, har\u00e1 todo lo posible por olvidarse de la persona que m\u00e1s da\u00f1o le ha hecho en la vida.<\/p>\n<p>Lara, ansiosa por la venganza, le har\u00e1 pagar por todo el sufrimiento que la ha causado llegando hasta el punto de cambiar su personalidad y convertirse en una persona completamente distinta a la que era.<\/p>\n<p>\u00bfPodr\u00e1 el destino sanar sus corazones y volver a juntarlos o, por el contrario, les distanciar\u00e1n m\u00e1s que nunca?<\/p>\n<p>\u00c9l tiene su orgullo.<\/p>\n<p>Ella, m\u00e1s todav\u00eda.<\/p>\n<p>N\u00famero de p\u00e1ginas: 272<\/p>\n<p>Dimensiones: 13,97 x 1,57 x 21,59cm<\/p>\n","protected":false},"featured_media":509,"template":"","meta":[],"product_brand":[],"product_cat":[16],"product_tag":[],"class_list":{"0":"post-499","1":"product","2":"type-product","3":"status-publish","4":"has-post-thumbnail","6":"product_cat-libro","8":"first","9":"instock","10":"shipping-taxable","11":"purchasable","12":"product-type-simple"},"_links":{"self":[{"href":"https:\/\/tentaciondelibros.com\/index.php\/wp-json\/wp\/v2\/product\/499","targetHints":{"allow":["GET"]}}],"collection":[{"href":"https:\/\/tentaciondelibros.com\/index.php\/wp-json\/wp\/v2\/product"}],"about":[{"href":"https:\/\/tentaciondelibros.com\/index.php\/wp-json\/wp\/v2\/types\/product"}],"version-history":[{"count":3,"href":"https:\/\/tentaciondelibros.com\/index.php\/wp-json\/wp\/v2\/product\/499\/revisions"}],"predecessor-version":[{"id":504,"href":"https:\/\/tentaciondelibros.com\/index.php\/wp-json\/wp\/v2\/product\/499\/revisions\/504"}],"wp:featuredmedia":[{"embeddable":true,"href":"https:\/\/tentaciondelibros.com\/index.php\/wp-json\/wp\/v2\/media\/509"}],"wp:attachment":[{"href":"https:\/\/tentaciondelibros.com\/index.php\/wp-json\/wp\/v2\/media?parent=499"}],"wp:term":[{"taxonomy":"product_brand","embeddable":true,"href":"https:\/\/tentaciondelibros.com\/index.php\/wp-json\/wp\/v2\/product_brand?post=499"},{"taxonomy":"product_cat","embeddable":true,"href":"https:\/\/tentaciondelibros.com\/index.php\/wp-json\/wp\/v2\/product_cat?post=499"},{"taxonomy":"product_tag","embeddable":true,"href":"https:\/\/tentaciondelibros.com\/index.php\/wp-json\/wp\/v2\/product_tag?post=499"}],"curies":[{"name":"wp","href":"https:\/\/api.w.org\/{rel}","templated":true}]}}