{"id":496,"date":"2025-02-09T22:08:21","date_gmt":"2025-02-09T21:08:21","guid":{"rendered":"https:\/\/tentaciondelibros.com\/?post_type=product&#038;p=496"},"modified":"2025-06-04T12:36:22","modified_gmt":"2025-06-04T11:36:22","slug":"libro-perdoname-si-puedes-de-eva-alcaide","status":"publish","type":"product","link":"https:\/\/tentaciondelibros.com\/index.php\/product\/libro-perdoname-si-puedes-de-eva-alcaide\/","title":{"rendered":"Libro \u00a1Perd\u00f3name si Puedes! de Eva Alcaide"},"content":{"rendered":"","protected":false},"excerpt":{"rendered":"<p>Segunda parte de \u00a1Desaf\u00edame si puedes!<\/p>\n<p>Sinopsis:<\/p>\n<p>Alejandro m\u00e1s herido y calculador que nunca, har\u00e1 todo lo posible por olvidarse de la persona que m\u00e1s da\u00f1o le ha hecho en la vida.<\/p>\n<p>Lara, ansiosa por la venganza, le har\u00e1 pagar por todo el sufrimiento que la ha causado llegando hasta el punto de cambiar su personalidad y convertirse en una persona completamente distinta a la que era.<\/p>\n<p>\u00bfPodr\u00e1 el destino sanar sus corazones y volver a juntarlos o, por el contrario, les distanciar\u00e1n m\u00e1s que nunca?<\/p>\n<p>\u00c9l tiene su orgullo.<\/p>\n<p>Ella, m\u00e1s todav\u00eda.<\/p>\n<p>N\u00famero de p\u00e1ginas: 272<\/p>\n<p>Dimensiones: 13,97 x 1,57 x 21,59cm<\/p>\n","protected":false},"featured_media":508,"template":"","meta":[],"product_brand":[],"product_cat":[16],"product_tag":[],"class_list":{"0":"post-496","1":"product","2":"type-product","3":"status-publish","4":"has-post-thumbnail","6":"product_cat-libro","8":"first","9":"instock","10":"shipping-taxable","11":"purchasable","12":"product-type-simple"},"_links":{"self":[{"href":"https:\/\/tentaciondelibros.com\/index.php\/wp-json\/wp\/v2\/product\/496","targetHints":{"allow":["GET"]}}],"collection":[{"href":"https:\/\/tentaciondelibros.com\/index.php\/wp-json\/wp\/v2\/product"}],"about":[{"href":"https:\/\/tentaciondelibros.com\/index.php\/wp-json\/wp\/v2\/types\/product"}],"version-history":[{"count":1,"href":"https:\/\/tentaciondelibros.com\/index.php\/wp-json\/wp\/v2\/product\/496\/revisions"}],"predecessor-version":[{"id":498,"href":"https:\/\/tentaciondelibros.com\/index.php\/wp-json\/wp\/v2\/product\/496\/revisions\/498"}],"wp:featuredmedia":[{"embeddable":true,"href":"https:\/\/tentaciondelibros.com\/index.php\/wp-json\/wp\/v2\/media\/508"}],"wp:attachment":[{"href":"https:\/\/tentaciondelibros.com\/index.php\/wp-json\/wp\/v2\/media?parent=496"}],"wp:term":[{"taxonomy":"product_brand","embeddable":true,"href":"https:\/\/tentaciondelibros.com\/index.php\/wp-json\/wp\/v2\/product_brand?post=496"},{"taxonomy":"product_cat","embeddable":true,"href":"https:\/\/tentaciondelibros.com\/index.php\/wp-json\/wp\/v2\/product_cat?post=496"},{"taxonomy":"product_tag","embeddable":true,"href":"https:\/\/tentaciondelibros.com\/index.php\/wp-json\/wp\/v2\/product_tag?post=496"}],"curies":[{"name":"wp","href":"https:\/\/api.w.org\/{rel}","templated":true}]}}