{"id":491,"date":"2025-02-09T22:01:15","date_gmt":"2025-02-09T21:01:15","guid":{"rendered":"https:\/\/tentaciondelibros.com\/?post_type=product&#038;p=491"},"modified":"2025-02-09T22:01:15","modified_gmt":"2025-02-09T21:01:15","slug":"7-overlays-de-alas-de-hierro","status":"publish","type":"product","link":"https:\/\/tentaciondelibros.com\/index.php\/product\/7-overlays-de-alas-de-hierro\/","title":{"rendered":"7 Overlays de Alas de Hierro"},"content":{"rendered":"","protected":false},"excerpt":{"rendered":"<p>Overlays son im\u00e1genes semitrasl\u00facidas con im\u00e1genes de las mejores escenas del libro Alas de Hierro de Rebecca Yarros que puedes colocar en el interior del libro.<\/p>\n<p>Contiene 7 im\u00e1genes de 15cm x 21cm y un peque\u00f1o manual donde te explico d\u00f3nde colocarlas.<\/p>\n","protected":false},"featured_media":493,"template":"","meta":[],"product_brand":[],"product_cat":[35],"product_tag":[],"class_list":{"0":"post-491","1":"product","2":"type-product","3":"status-publish","4":"has-post-thumbnail","6":"product_cat-overlays","8":"first","9":"instock","10":"shipping-taxable","11":"purchasable","12":"product-type-simple"},"_links":{"self":[{"href":"https:\/\/tentaciondelibros.com\/index.php\/wp-json\/wp\/v2\/product\/491","targetHints":{"allow":["GET"]}}],"collection":[{"href":"https:\/\/tentaciondelibros.com\/index.php\/wp-json\/wp\/v2\/product"}],"about":[{"href":"https:\/\/tentaciondelibros.com\/index.php\/wp-json\/wp\/v2\/types\/product"}],"version-history":[{"count":1,"href":"https:\/\/tentaciondelibros.com\/index.php\/wp-json\/wp\/v2\/product\/491\/revisions"}],"predecessor-version":[{"id":494,"href":"https:\/\/tentaciondelibros.com\/index.php\/wp-json\/wp\/v2\/product\/491\/revisions\/494"}],"wp:featuredmedia":[{"embeddable":true,"href":"https:\/\/tentaciondelibros.com\/index.php\/wp-json\/wp\/v2\/media\/493"}],"wp:attachment":[{"href":"https:\/\/tentaciondelibros.com\/index.php\/wp-json\/wp\/v2\/media?parent=491"}],"wp:term":[{"taxonomy":"product_brand","embeddable":true,"href":"https:\/\/tentaciondelibros.com\/index.php\/wp-json\/wp\/v2\/product_brand?post=491"},{"taxonomy":"product_cat","embeddable":true,"href":"https:\/\/tentaciondelibros.com\/index.php\/wp-json\/wp\/v2\/product_cat?post=491"},{"taxonomy":"product_tag","embeddable":true,"href":"https:\/\/tentaciondelibros.com\/index.php\/wp-json\/wp\/v2\/product_tag?post=491"}],"curies":[{"name":"wp","href":"https:\/\/api.w.org\/{rel}","templated":true}]}}