{"id":12,"date":"2023-10-25T11:51:16","date_gmt":"2023-10-25T10:51:16","guid":{"rendered":"https:\/\/tentaciondelibros.com\/?post_type=product&#038;p=12"},"modified":"2025-06-04T12:37:08","modified_gmt":"2025-06-04T11:37:08","slug":"libro-desafiame-si-puedes-parte-1","status":"publish","type":"product","link":"https:\/\/tentaciondelibros.com\/index.php\/product\/libro-desafiame-si-puedes-parte-1\/","title":{"rendered":"Libro \u00a1Desaf\u00edame si puedes! de Eva Alcaide"},"content":{"rendered":"","protected":false},"excerpt":{"rendered":"<p>Sinopsis:<\/p>\n<p>Lara Miller deseando dar un giro a su pat\u00e9tica vida, decide mudarse a la ciudad donde todo es posible, Nueva York.<\/p>\n<p>Alejandro Rossman, un empresario multimillonario, arrogante y sexy, piensa que puede controlar el mundo entero hasta que conoce a la persona que le llevar\u00e1 a replante\u00e1rselo todo.<\/p>\n<p>Ninguno de los dos podr\u00e1 evitar la atracci\u00f3n que sienten el uno por el otro, dej\u00e1ndose llevar hasta perder el control por completo.<\/p>\n<p>\u00bfDejar\u00e1n a un lado lo que piensan y se rendir\u00e1n a sus sentimientos?\u00bfPodr\u00e1 Alenjandro Rossman pasar por alto todo en lo que cree por confiar en Lara?<\/p>\n<p>\u00c9l tiene sus reglas.<\/p>\n<p>Ella, las suyas.<\/p>\n<p>Autor: Eva Alcaide<\/p>\n<p>Dimensiones: 16x22x2cm<\/p>\n<p>P\u00e1ginas:306<\/p>\n","protected":false},"featured_media":164,"template":"","meta":[],"product_brand":[],"product_cat":[16],"product_tag":[],"class_list":{"0":"post-12","1":"product","2":"type-product","3":"status-publish","4":"has-post-thumbnail","6":"product_cat-libro","8":"first","9":"instock","10":"shipping-taxable","11":"purchasable","12":"product-type-simple"},"_links":{"self":[{"href":"https:\/\/tentaciondelibros.com\/index.php\/wp-json\/wp\/v2\/product\/12","targetHints":{"allow":["GET"]}}],"collection":[{"href":"https:\/\/tentaciondelibros.com\/index.php\/wp-json\/wp\/v2\/product"}],"about":[{"href":"https:\/\/tentaciondelibros.com\/index.php\/wp-json\/wp\/v2\/types\/product"}],"version-history":[{"count":1,"href":"https:\/\/tentaciondelibros.com\/index.php\/wp-json\/wp\/v2\/product\/12\/revisions"}],"predecessor-version":[{"id":503,"href":"https:\/\/tentaciondelibros.com\/index.php\/wp-json\/wp\/v2\/product\/12\/revisions\/503"}],"wp:featuredmedia":[{"embeddable":true,"href":"https:\/\/tentaciondelibros.com\/index.php\/wp-json\/wp\/v2\/media\/164"}],"wp:attachment":[{"href":"https:\/\/tentaciondelibros.com\/index.php\/wp-json\/wp\/v2\/media?parent=12"}],"wp:term":[{"taxonomy":"product_brand","embeddable":true,"href":"https:\/\/tentaciondelibros.com\/index.php\/wp-json\/wp\/v2\/product_brand?post=12"},{"taxonomy":"product_cat","embeddable":true,"href":"https:\/\/tentaciondelibros.com\/index.php\/wp-json\/wp\/v2\/product_cat?post=12"},{"taxonomy":"product_tag","embeddable":true,"href":"https:\/\/tentaciondelibros.com\/index.php\/wp-json\/wp\/v2\/product_tag?post=12"}],"curies":[{"name":"wp","href":"https:\/\/api.w.org\/{rel}","templated":true}]}}